{"id":81,"date":"2017-02-18T22:09:02","date_gmt":"2017-02-18T22:09:02","guid":{"rendered":"http:\/\/cfp401moreno.com.ar\/sitio\/?page_id=81"},"modified":"2022-06-29T03:49:01","modified_gmt":"2022-06-29T03:49:01","slug":"institucional","status":"publish","type":"page","link":"https:\/\/cfp401moreno.com.ar\/sitio\/institucional\/","title":{"rendered":"Institucional"},"content":{"rendered":"<p><strong>Visi\u00f3n<\/strong><\/p>\n<p>Ser un centro de Formaci\u00f3n Profesional de excelencia contando con tecnolog\u00eda de \u00faltima generaci\u00f3n, con un grupo de instructores trabajando en grupo y comprometidos con el centro.<\/p>\n<p><strong>Misi\u00f3n<\/strong><\/p>\n<p>Formar a las personas para el trabajo teniendo experiencias t\u00e9cnicas del oficio como tambi\u00e9n integraci\u00f3n social bajo los valores de solidaridad, el respeto, el compromiso y la \u00e9tica profesional. Para que les permita lograr una proyecci\u00f3n, teniendo un rol como ciudadano productivo siendo cr\u00edtico de la realidad que lo rodea.<\/p>\n<p><a href=\"https:\/\/cfp401moreno.com.ar\/sitio\/wp-content\/uploads\/2021\/03\/img_cfp.jpg\"><img fetchpriority=\"high\" decoding=\"async\" class=\"alignnone size-full wp-image-226\" src=\"https:\/\/cfp401moreno.com.ar\/sitio\/wp-content\/uploads\/2021\/03\/img_cfp.jpg\" alt=\"\" width=\"1024\" height=\"234\" srcset=\"https:\/\/cfp401moreno.com.ar\/sitio\/wp-content\/uploads\/2021\/03\/img_cfp.jpg 1024w, https:\/\/cfp401moreno.com.ar\/sitio\/wp-content\/uploads\/2021\/03\/img_cfp-300x69.jpg 300w, https:\/\/cfp401moreno.com.ar\/sitio\/wp-content\/uploads\/2021\/03\/img_cfp-768x176.jpg 768w\" sizes=\"(max-width: 1024px) 100vw, 1024px\" \/><\/a><\/p>\n<p><strong>Formaci\u00f3n profesional<\/strong><\/p>\n<p>Contamos con instructores e id\u00f3neos en formaci\u00f3n profesional, maestros de Adultos, tanto primarios como profesores de secundaria, con Profesionales terciarios y universitarios. Como planta funcional aprobada (POF) , Director, Regente, Secretario, Preceptor , Pa\u00f1olero.<br \/>\nEl CFP es participe en la mesa de cogesti\u00f3n distrital compuesta por representantes de entidades intermedias, industriales, sindicales, comerciantes y el municipio.<br \/>\nLos otros cursos se dictan en espacios cedidos en escuelas, sociedades de fomento, asociaciones civiles, mutuales, entidades de bien p\u00fablico, organizaciones no gubernamentales, centros culturales, sindicatos y asociaciones vecinales, asociaciones de gran trabajo social, todos distribuidos en los distintas localidades como El Trujuy, Francisco \u00c1lvarez, Cuartel V, La Perlita, Altos de Moreno, Parque los Robles, Lomas de Marilo, Reja Grande y Reja Chica, Moreno Centro, Norte y Sur. Siendo este CFP el \u00fanico que pertenece al Estado con ense\u00f1anza NO ARANCELADA.<\/p>\n","protected":false},"excerpt":{"rendered":"<p>Visi\u00f3n Ser un centro de Formaci\u00f3n Profesional de excelencia contando con tecnolog\u00eda de \u00faltima generaci\u00f3n, con un grupo de instructores trabajando en grupo y comprometidos con el centro. Misi\u00f3n Formar a las personas para el trabajo teniendo experiencias t\u00e9cnicas del oficio como tambi\u00e9n integraci\u00f3n social bajo los valores de solidaridad, el respeto, el compromiso y [&hellip;]<\/p>\n","protected":false},"author":2,"featured_media":188,"parent":0,"menu_order":0,"comment_status":"closed","ping_status":"closed","template":"","meta":{"footnotes":""},"class_list":["post-81","page","type-page","status-publish","has-post-thumbnail","hentry"],"_links":{"self":[{"href":"https:\/\/cfp401moreno.com.ar\/sitio\/wp-json\/wp\/v2\/pages\/81","targetHints":{"allow":["GET"]}}],"collection":[{"href":"https:\/\/cfp401moreno.com.ar\/sitio\/wp-json\/wp\/v2\/pages"}],"about":[{"href":"https:\/\/cfp401moreno.com.ar\/sitio\/wp-json\/wp\/v2\/types\/page"}],"author":[{"embeddable":true,"href":"https:\/\/cfp401moreno.com.ar\/sitio\/wp-json\/wp\/v2\/users\/2"}],"replies":[{"embeddable":true,"href":"https:\/\/cfp401moreno.com.ar\/sitio\/wp-json\/wp\/v2\/comments?post=81"}],"version-history":[{"count":8,"href":"https:\/\/cfp401moreno.com.ar\/sitio\/wp-json\/wp\/v2\/pages\/81\/revisions"}],"predecessor-version":[{"id":321,"href":"https:\/\/cfp401moreno.com.ar\/sitio\/wp-json\/wp\/v2\/pages\/81\/revisions\/321"}],"wp:featuredmedia":[{"embeddable":true,"href":"https:\/\/cfp401moreno.com.ar\/sitio\/wp-json\/wp\/v2\/media\/188"}],"wp:attachment":[{"href":"https:\/\/cfp401moreno.com.ar\/sitio\/wp-json\/wp\/v2\/media?parent=81"}],"curies":[{"name":"wp","href":"https:\/\/api.w.org\/{rel}","templated":true}]}}